{"id":10463,"date":"2022-10-16T11:45:42","date_gmt":"2022-10-16T11:45:42","guid":{"rendered":"https:\/\/dsisolutions.si\/o-nama\/"},"modified":"2024-06-03T15:33:01","modified_gmt":"2024-06-03T15:33:01","slug":"o-nama","status":"publish","type":"page","link":"https:\/\/dsisolutions.si\/hr\/o-nama\/","title":{"rendered":"O nama"},"content":{"rendered":"\t\t<div data-elementor-type=\"wp-page\" data-elementor-id=\"10463\" class=\"elementor elementor-10463\">\n\t\t\t\t\t\t<section class=\"elementor-section elementor-top-section elementor-element elementor-element-8ab5842 elementor-section-full_width qodef-elementor-content-grid elementor-section-height-default elementor-section-height-default\" data-id=\"8ab5842\" data-element_type=\"section\" data-settings=\"{&quot;background_background&quot;:&quot;classic&quot;}\">\n\t\t\t\t\t\t\t<div class=\"elementor-background-overlay\"><\/div>\n\t\t\t\t\t\t\t<div class=\"elementor-container elementor-column-gap-default\">\n\t\t\t\t\t<div class=\"elementor-column elementor-col-100 elementor-top-column elementor-element elementor-element-21a0e6d\" data-id=\"21a0e6d\" data-element_type=\"column\">\n\t\t\t<div class=\"elementor-widget-wrap elementor-element-populated\">\n\t\t\t\t\t\t<div class=\"elementor-element elementor-element-944df47 elementor-widget elementor-widget-manufaktursolutions_core_section_title\" data-id=\"944df47\" data-element_type=\"widget\" data-widget_type=\"manufaktursolutions_core_section_title.default\">\n\t\t\t\t<div class=\"elementor-widget-container\">\n\t\t\t\t\t<div class=\"qodef-shortcode qodef-m  qodef-section-title qodef-alignment--left   \">\n\t\t<p class=\"qodef-m-highlight-text\" style=\"color: #FFFFFF;margin-bottom: 25px\">INOVATIVNO PREDANO USPJE\u0160NO<\/p>\n\t\t<h1 class=\"qodef-m-title\" style=\"color: #FFFFFF\">\n\t\t\t\t\tDOBRO DO\u0160LI<br \/> U SVIJETu DSI SOLUTIONS\t\t\t<\/h1>\n\t\t<\/div>\n\t\t\t\t<\/div>\n\t\t\t\t<\/div>\n\t\t\t\t\t<\/div>\n\t\t<\/div>\n\t\t\t\t\t<\/div>\n\t\t<\/section>\n\t\t\t\t<section class=\"elementor-section elementor-top-section elementor-element elementor-element-6b5d7eb elementor-section-full_width elementor-section-height-default elementor-section-height-default qodef-elementor-content-no\" data-id=\"6b5d7eb\" data-element_type=\"section\" data-settings=\"{&quot;background_background&quot;:&quot;classic&quot;}\">\n\t\t\t\t\t\t<div class=\"elementor-container elementor-column-gap-default\">\n\t\t\t\t\t<div class=\"elementor-column elementor-col-33 elementor-top-column elementor-element elementor-element-7a7da3f\" data-id=\"7a7da3f\" data-element_type=\"column\">\n\t\t\t<div class=\"elementor-widget-wrap elementor-element-populated\">\n\t\t\t\t\t\t<div class=\"elementor-element elementor-element-0887d83 elementor-widget elementor-widget-manufaktursolutions_core_counter\" data-id=\"0887d83\" data-element_type=\"widget\" data-widget_type=\"manufaktursolutions_core_counter.default\">\n\t\t\t\t<div class=\"elementor-widget-container\">\n\t\t\t\t\t<div class=\"qodef-shortcode qodef-m  qodef-counter qodef-layout--simple\" data-start-digit=\"1\" data-end-digit=\"10\" data-step-digit=\"4\" data-digit-label=\"+\">\n\t<div class=\"qodef-m-digit-wrapper\">\n\t\t<span class=\"qodef-m-digit\" style=\"font-size: 110px;color: #15141C\"><\/span>\n\t<\/div>\n\t<div class=\"qodef-m-content\">\n\t\t\t\t\t<\/div>\n<\/div>\n\t\t\t\t<\/div>\n\t\t\t\t<\/div>\n\t\t\t\t<div class=\"elementor-element elementor-element-d0da214 elementor-widget elementor-widget-manufaktursolutions_core_icon_with_text\" data-id=\"d0da214\" data-element_type=\"widget\" data-widget_type=\"manufaktursolutions_core_icon_with_text.default\">\n\t\t\t\t<div class=\"elementor-widget-container\">\n\t\t\t\t\t<div class=\"qodef-shortcode qodef-m  qodef-icon-with-text qodef-layout--before-title qodef--icon-pack \">\n\t<div class=\"qodef-m-content\">\n\t\t\t<h5 class=\"qodef-m-title\" >\n\t\t\t\t\t<span class=\"qodef-m-title-inner\">\n\t\t\t\t<span class=\"qodef-m-icon-wrapper\">\n\t\t\t\t\t<span class=\"qodef-shortcode qodef-m  qodef-icon-holder qodef-size--default qodef-layout--normal\"  >\t\t\t\t<\/span>\t\t\t\t<\/span>\n\t\t\t\t<span class=\"qodef-m-title-text\">\n\t\t\t\t\tGODINE ISKUSTVA\t\t\t\t<\/span>\n\t\t\t<\/span>\n\t\t\t<\/h5>\n\t\t\t<\/div>\n<\/div>\n\t\t\t\t<\/div>\n\t\t\t\t<\/div>\n\t\t\t\t\t<\/div>\n\t\t<\/div>\n\t\t\t\t<div class=\"elementor-column elementor-col-33 elementor-top-column elementor-element elementor-element-ccf849b\" data-id=\"ccf849b\" data-element_type=\"column\">\n\t\t\t<div class=\"elementor-widget-wrap elementor-element-populated\">\n\t\t\t\t\t\t<div class=\"elementor-element elementor-element-0879760 elementor-widget elementor-widget-manufaktursolutions_core_counter\" data-id=\"0879760\" data-element_type=\"widget\" data-widget_type=\"manufaktursolutions_core_counter.default\">\n\t\t\t\t<div class=\"elementor-widget-container\">\n\t\t\t\t\t<div class=\"qodef-shortcode qodef-m  qodef-counter qodef-layout--simple\" data-start-digit=\"1\" data-end-digit=\"100\" data-step-digit=\"2\" data-digit-label=\"%\">\n\t<div class=\"qodef-m-digit-wrapper\">\n\t\t<span class=\"qodef-m-digit\" style=\"font-size: 110px;color: #15141C\"><\/span>\n\t<\/div>\n\t<div class=\"qodef-m-content\">\n\t\t\t\t\t<\/div>\n<\/div>\n\t\t\t\t<\/div>\n\t\t\t\t<\/div>\n\t\t\t\t<div class=\"elementor-element elementor-element-8c09169 elementor-widget elementor-widget-manufaktursolutions_core_icon_with_text\" data-id=\"8c09169\" data-element_type=\"widget\" data-widget_type=\"manufaktursolutions_core_icon_with_text.default\">\n\t\t\t\t<div class=\"elementor-widget-container\">\n\t\t\t\t\t<div class=\"qodef-shortcode qodef-m  qodef-icon-with-text qodef-layout--before-title qodef--custom-icon \">\n\t<div class=\"qodef-m-content\">\n\t\t\t<h5 class=\"qodef-m-title\" >\n\t\t\t\t\t<span class=\"qodef-m-title-inner\">\n\t\t\t\t<span class=\"qodef-m-icon-wrapper\">\n\t\t\t\t\t\t\t\t\t<\/span>\n\t\t\t\t<span class=\"qodef-m-title-text\">\n\t\t\t\t\tZADOVOLJNI KUPCI\t\t\t\t<\/span>\n\t\t\t<\/span>\n\t\t\t<\/h5>\n\t\t\t<\/div>\n<\/div>\n\t\t\t\t<\/div>\n\t\t\t\t<\/div>\n\t\t\t\t\t<\/div>\n\t\t<\/div>\n\t\t\t\t<div class=\"elementor-column elementor-col-33 elementor-top-column elementor-element elementor-element-6ea09af\" data-id=\"6ea09af\" data-element_type=\"column\">\n\t\t\t<div class=\"elementor-widget-wrap elementor-element-populated\">\n\t\t\t\t\t\t<div class=\"elementor-element elementor-element-fea35a1 elementor-widget elementor-widget-manufaktursolutions_core_counter\" data-id=\"fea35a1\" data-element_type=\"widget\" data-widget_type=\"manufaktursolutions_core_counter.default\">\n\t\t\t\t<div class=\"elementor-widget-container\">\n\t\t\t\t\t<div class=\"qodef-shortcode qodef-m  qodef-counter qodef-layout--simple\" data-start-digit=\"1\" data-end-digit=\"100\" data-step-digit=\"2\" data-digit-label=\"+\">\n\t<div class=\"qodef-m-digit-wrapper\">\n\t\t<span class=\"qodef-m-digit\" style=\"font-size: 110px;color: #15141C\"><\/span>\n\t<\/div>\n\t<div class=\"qodef-m-content\">\n\t\t\t\t\t<\/div>\n<\/div>\n\t\t\t\t<\/div>\n\t\t\t\t<\/div>\n\t\t\t\t<div class=\"elementor-element elementor-element-cd7ba8b elementor-widget elementor-widget-manufaktursolutions_core_icon_with_text\" data-id=\"cd7ba8b\" data-element_type=\"widget\" data-widget_type=\"manufaktursolutions_core_icon_with_text.default\">\n\t\t\t\t<div class=\"elementor-widget-container\">\n\t\t\t\t\t<div class=\"qodef-shortcode qodef-m  qodef-icon-with-text qodef-layout--before-title qodef--custom-icon \">\n\t<div class=\"qodef-m-content\">\n\t\t\t<h5 class=\"qodef-m-title\" >\n\t\t\t\t\t<span class=\"qodef-m-title-inner\">\n\t\t\t\t<span class=\"qodef-m-icon-wrapper\">\n\t\t\t\t\t\t\t\t\t<\/span>\n\t\t\t\t<span class=\"qodef-m-title-text\">\n\t\t\t\t\tPROVEDENIH PROJEKATA\t\t\t\t<\/span>\n\t\t\t<\/span>\n\t\t\t<\/h5>\n\t\t\t<\/div>\n<\/div>\n\t\t\t\t<\/div>\n\t\t\t\t<\/div>\n\t\t\t\t\t<\/div>\n\t\t<\/div>\n\t\t\t\t\t<\/div>\n\t\t<\/section>\n\t\t\t\t<section class=\"elementor-section elementor-top-section elementor-element elementor-element-681c709 elementor-section-full_width elementor-section-height-default elementor-section-height-default qodef-elementor-content-no\" data-id=\"681c709\" data-element_type=\"section\">\n\t\t\t\t\t\t<div class=\"elementor-container elementor-column-gap-default\">\n\t\t\t\t\t<div class=\"elementor-column elementor-col-50 elementor-top-column elementor-element elementor-element-5978884\" data-id=\"5978884\" data-element_type=\"column\" data-settings=\"{&quot;background_background&quot;:&quot;classic&quot;}\">\n\t\t\t<div class=\"elementor-widget-wrap elementor-element-populated\">\n\t\t\t\t\t\t<div class=\"elementor-element elementor-element-9060291 elementor-widget elementor-widget-manufaktursolutions_core_separator\" data-id=\"9060291\" data-element_type=\"widget\" data-widget_type=\"manufaktursolutions_core_separator.default\">\n\t\t\t\t<div class=\"elementor-widget-container\">\n\t\t\t\t\t<div class=\"qodef-shortcode qodef-m  qodef-separator clear  \">\n\t<div class=\"qodef-m-line\" style=\"border-color: #02010100\"><\/div>\n<\/div>\n\t\t\t\t<\/div>\n\t\t\t\t<\/div>\n\t\t\t\t\t<\/div>\n\t\t<\/div>\n\t\t\t\t<div class=\"elementor-column elementor-col-50 elementor-top-column elementor-element elementor-element-a88a573\" data-id=\"a88a573\" data-element_type=\"column\" data-settings=\"{&quot;background_background&quot;:&quot;classic&quot;}\">\n\t\t\t<div class=\"elementor-widget-wrap elementor-element-populated\">\n\t\t\t\t\t<div class=\"elementor-background-overlay\"><\/div>\n\t\t\t\t\t\t<div class=\"elementor-element elementor-element-247f25c elementor-widget elementor-widget-manufaktursolutions_core_section_title\" data-id=\"247f25c\" data-element_type=\"widget\" data-widget_type=\"manufaktursolutions_core_section_title.default\">\n\t\t\t\t<div class=\"elementor-widget-container\">\n\t\t\t\t\t<div class=\"qodef-shortcode qodef-m  qodef-section-title qodef-alignment--left   \">\n\t\t<p class=\"qodef-m-highlight-text\" style=\"color: #FFFFFF\">O NAMA<\/p>\n\t\t<h2 class=\"qodef-m-title\" style=\"color: #FFFFFF\">\n\t\t\t\t\tDSI SOLUTIONS \t\t\t<\/h2>\n\t\t<p class=\"qodef-m-subtitle\" style=\"color: #FFFFFF\">Po\u010deci DSI Solutions se\u017eu u 2018. godinu, nakon vi\u0161e od deset godina iskustva u elektroinstalacijama, odlu\u010dili smo krenuti trajnim putem. U svim godinama na\u0161eg rada stekli smo povjerenje, a samim tim i dobru me\u0111usobnu suradnju s brojnim vode\u0107im svjetskim tvrtkama u razli\u010ditim podru\u010djima industrije.<\/p>\n\t\t<p class=\"qodef-m-text\" style=\"color: #FFFFFF\"> \nGlavne aktivnostii tvrtke su elektromonta\u017ea i automatizacija u transportnoj i procesnoj tehnici, robotika, industrijska elektromonta\u017ea, automatizacija regalnih skladi\u0161ta i ku\u0107nih elektroinstalacija.\nS vremenom smo zbog potra\u017enje primarnoj djelatnosti dodali i monta\u017eu i servis klima ure\u0111aja.<\/p>\n<\/div>\n\t\t\t\t<\/div>\n\t\t\t\t<\/div>\n\t\t\t\t\t<\/div>\n\t\t<\/div>\n\t\t\t\t\t<\/div>\n\t\t<\/section>\n\t\t\t\t<section class=\"elementor-section elementor-top-section elementor-element elementor-element-28bdaa1 elementor-section-full_width elementor-section-height-default elementor-section-height-default qodef-elementor-content-no\" data-id=\"28bdaa1\" data-element_type=\"section\">\n\t\t\t\t\t\t<div class=\"elementor-container elementor-column-gap-default\">\n\t\t\t\t\t<div class=\"elementor-column elementor-col-50 elementor-top-column elementor-element elementor-element-6acf0f0\" data-id=\"6acf0f0\" data-element_type=\"column\" data-settings=\"{&quot;background_background&quot;:&quot;classic&quot;}\">\n\t\t\t<div class=\"elementor-widget-wrap elementor-element-populated\">\n\t\t\t\t\t\t<div class=\"elementor-element elementor-element-558af2a elementor-widget elementor-widget-manufaktursolutions_core_separator\" data-id=\"558af2a\" data-element_type=\"widget\" data-widget_type=\"manufaktursolutions_core_separator.default\">\n\t\t\t\t<div class=\"elementor-widget-container\">\n\t\t\t\t\t<div class=\"qodef-shortcode qodef-m  qodef-separator clear  \">\n\t<div class=\"qodef-m-line\" style=\"border-color: #02010100\"><\/div>\n<\/div>\n\t\t\t\t<\/div>\n\t\t\t\t<\/div>\n\t\t\t\t\t<\/div>\n\t\t<\/div>\n\t\t\t\t<div class=\"elementor-column elementor-col-50 elementor-top-column elementor-element elementor-element-68e2504\" data-id=\"68e2504\" data-element_type=\"column\">\n\t\t\t<div class=\"elementor-widget-wrap elementor-element-populated\">\n\t\t\t\t\t<div class=\"elementor-background-overlay\"><\/div>\n\t\t\t\t\t\t<div class=\"elementor-element elementor-element-c604f6d elementor-widget elementor-widget-manufaktursolutions_core_section_title\" data-id=\"c604f6d\" data-element_type=\"widget\" data-widget_type=\"manufaktursolutions_core_section_title.default\">\n\t\t\t\t<div class=\"elementor-widget-container\">\n\t\t\t\t\t<div class=\"qodef-shortcode qodef-m  qodef-section-title qodef-alignment--left   \">\n\t\t<p class=\"qodef-m-highlight-text\" style=\"color: #019444\">DSI SOLUTIONS<\/p>\n\t\t<h2 class=\"qodef-m-title\" style=\"color: #000000\">\n\t\t\t\t\tVIZIJA\t\t\t<\/h2>\n\t\t<p class=\"qodef-m-subtitle\" style=\"color: #000000\">Na doma\u0107em, europskom i tre\u0107em tr\u017ei\u0161tu \u017eelimo u\u010dvrstiti svoju dosada\u0161nju poziciju me\u0111u ponu\u0111a\u010dima te uz pomo\u0107 stru\u010dnog kadra postati najpouzdaniji i ekolo\u0161ki prihvatljiviji poslovni partner na podru\u010dju elektroinstalacijskih i ostalih usluga koje nudimo.<\/p>\n\t\t<p class=\"qodef-m-text\" style=\"color: #000000\">\nZa realizaciju zacrtane vizije tvrtke neophodan je daljnji uspje\u0161an razvoj tvrtke. Cilj je odr\u017eati i pobolj\u0161ati kvalitetu pru\u017eenih usluga, dobiti kvalitetne preporuke i biti prepoznatljivi u zemlji i inozemstvu. I dalje \u0107emo se truditi identificirati potrebe na\u0161ih kupaca kako bismo zadovoljili i one najzahtjevnije. Jedan od va\u017enih ciljeva je dugoro\u010dna i uspje\u0161na suradnja s poslovnim partnerima.\nSvjesni smo da samo dobro obu\u010deno osoblje mo\u017ee osigurati stabilnost i \u017eeljeni rast tvrtke. Zato neprestano brinemo o njihovom obrazovanju i osiguravamo ugodno radno okru\u017eenje.<\/p>\n<\/div>\n\t\t\t\t<\/div>\n\t\t\t\t<\/div>\n\t\t\t\t\t<\/div>\n\t\t<\/div>\n\t\t\t\t\t<\/div>\n\t\t<\/section>\n\t\t\t\t<section class=\"elementor-section elementor-top-section elementor-element elementor-element-33921656 elementor-section-full_width elementor-section-height-default elementor-section-height-default qodef-elementor-content-no\" data-id=\"33921656\" data-element_type=\"section\">\n\t\t\t\t\t\t<div class=\"elementor-container elementor-column-gap-default\">\n\t\t\t\t\t<div class=\"elementor-column elementor-col-100 elementor-top-column elementor-element elementor-element-1d172444\" data-id=\"1d172444\" data-element_type=\"column\">\n\t\t\t<div class=\"elementor-widget-wrap elementor-element-populated\">\n\t\t\t\t\t\t<div class=\"elementor-element elementor-element-71cf0b6b elementor-widget elementor-widget-manufaktursolutions_core_text_marquee\" data-id=\"71cf0b6b\" data-element_type=\"widget\" data-widget_type=\"manufaktursolutions_core_text_marquee.default\">\n\t\t\t\t<div class=\"elementor-widget-container\">\n\t\t\t\t\t<div class=\"qodef-shortcode qodef-m  qodef-text-marquee qodef-text-marquee-173 qodef-layout--default qodef-direction--left\" >\n\t<div class=\"qodef-m-content\" style=\"font-size: 40px;line-height: 53px;letter-spacing: -2px\">\n\t\t<div class=\"qodef-m-content-inner\">\n\t\t\t\t\t\t\t<span class=\"qodef-m-text-1\" >\n\t\t\t\t\tPovjerenje\t\t\t\t<\/span>\n\t\t\t\t\t\t\t\t\t\t<span class=\"qodef-m-separator\" >\n\t\t\t\t\t.\t\t\t\t<\/span>\n\t\t\t\t\t\t\t\t\t\t<span class=\"qodef-m-text-2\" >\n\t\t\t\t\tProfesionalizam\t\t\t\t<\/span>\n\t\t\t\t\t\t\t\t\t\t<span class=\"qodef-m-separator\" >\n\t\t\t\t\t.\t\t\t\t<\/span>\n\t\t\t\t\t\t\t\t\t\t<span class=\"qodef-m-text-3\" >\n\t\t\t\t\tKvaliteta\t\t\t\t<\/span>\n\t\t\t\t\t\t\t\t\t\t<span class=\"qodef-m-separator\" >\n\t\t\t\t\t.\t\t\t\t<\/span>\n\t\t\t\t\t<\/div>\n\t<\/div>\n<\/div>\n\t\t\t\t<\/div>\n\t\t\t\t<\/div>\n\t\t\t\t\t<\/div>\n\t\t<\/div>\n\t\t\t\t\t<\/div>\n\t\t<\/section>\n\t\t<div class=\"elementor-element elementor-element-2eebec1f e-con-full e-flex e-con e-parent\" data-id=\"2eebec1f\" data-element_type=\"container\" data-settings=\"{&quot;background_background&quot;:&quot;classic&quot;}\">\n\t\t<div class=\"elementor-element elementor-element-22173297 e-con-full e-flex e-con e-child\" data-id=\"22173297\" data-element_type=\"container\">\n\t\t\t\t<div class=\"elementor-element elementor-element-570e717f elementor-widget elementor-widget-image\" data-id=\"570e717f\" data-element_type=\"widget\" data-widget_type=\"image.default\">\n\t\t\t\t<div class=\"elementor-widget-container\">\n\t\t\t\t\t\t\t\t\t\t\t\t\t\t\t<img fetchpriority=\"high\" decoding=\"async\" width=\"968\" height=\"426\" src=\"https:\/\/dsisolutions.si\/wp-content\/uploads\/2024\/02\/cropped-image-1.png\" class=\"attachment-full size-full wp-image-8329\" alt=\"\" srcset=\"https:\/\/dsisolutions.si\/wp-content\/uploads\/2024\/02\/cropped-image-1.png 968w, https:\/\/dsisolutions.si\/wp-content\/uploads\/2024\/02\/cropped-image-1-300x132.png 300w, https:\/\/dsisolutions.si\/wp-content\/uploads\/2024\/02\/cropped-image-1-768x338.png 768w, https:\/\/dsisolutions.si\/wp-content\/uploads\/2024\/02\/cropped-image-1-600x264.png 600w\" sizes=\"(max-width: 968px) 100vw, 968px\" \/>\t\t\t\t\t\t\t\t\t\t\t\t\t\t\t<\/div>\n\t\t\t\t<\/div>\n\t\t\t\t<\/div>\n\t\t<div class=\"elementor-element elementor-element-4e2acaa9 e-con-full e-flex e-con e-child\" data-id=\"4e2acaa9\" data-element_type=\"container\">\n\t\t\t\t<div class=\"elementor-element elementor-element-49bad8b4 elementor-widget elementor-widget-text-editor\" data-id=\"49bad8b4\" data-element_type=\"widget\" data-widget_type=\"text-editor.default\">\n\t\t\t\t<div class=\"elementor-widget-container\">\n\t\t\t\t\t\t\t\t\t<p><strong>DSI Solutions d.o.o.<\/strong><\/p>\n<p>Cankarjeva cesta 1c<\/p>\n<p>3320 Velenje<\/p>\n<p>Slovenija<\/p>\n<p>info@dsisolutions.si<\/p>\n<p>+386 (0) 41 396 856<\/p>\n\t\t\t\t\t\t\t\t<\/div>\n\t\t\t\t<\/div>\n\t\t\t\t<\/div>\n\t\t\t\t<div class=\"elementor-element elementor-element-250a9dbb elementor-widget elementor-widget-text-editor\" data-id=\"250a9dbb\" data-element_type=\"widget\" data-widget_type=\"text-editor.default\">\n\t\t\t\t<div class=\"elementor-widget-container\">\n\t\t\t\t\t\t\t\t\t<\/p>\n<p><a href=\"https:\/\/dsisolutions.si\/hr\/\">PO\u010cETNA <\/a><\/p>\n<p><a href=\"https:\/\/dsisolutions.si\/hr\/o-nama\/\">O NAMA<\/a><\/p>\n<p><a href=\"https:\/\/dsisolutions.si\/storitve\/\">USLUGE<\/a><\/p>\n<p><a href=\"https:\/\/dsisolutions.si\/reference\/\">REFERENCE<\/a><\/p>\n<p><a href=\"https:\/\/dsisolutions.si\/hr\/kontakt\/\">KONTAKT<\/a><\/p>\n\t\t\t\t\t\t\t\t<\/div>\n\t\t\t\t<\/div>\n\t\t<div class=\"elementor-element elementor-element-3ba1b3ff e-con-full e-flex e-con e-child\" data-id=\"3ba1b3ff\" data-element_type=\"container\">\n\t\t\t\t<div class=\"elementor-element elementor-element-7cf5df72 elementor-hidden-mobile elementor-widget elementor-widget-manufaktursolutions_core_icon_with_text\" data-id=\"7cf5df72\" data-element_type=\"widget\" data-widget_type=\"manufaktursolutions_core_icon_with_text.default\">\n\t\t\t\t<div class=\"elementor-widget-container\">\n\t\t\t\t\t<div class=\"qodef-shortcode qodef-m  qodef-icon-with-text qodef-layout--top qodef--icon-pack  qodef-alignment--center\">\n\t<div class=\"qodef-m-icon-wrapper\">\n\t\t<span class=\"qodef-shortcode qodef-m  qodef-icon-holder qodef-size--huge qodef-layout--normal\"  >\t\t\t<span class=\"qodef-icon-fontkiko kikor kiko-lightning qodef-icon qodef-e\" style=\"color: #019444\" ><\/span>\t<\/span>\t<\/div>\n\t<div class=\"qodef-m-content\">\n\t\t\t<h6 class=\"qodef-m-title\" style=\"color: #FCFCFC\">\n\t\t\t\t\t<span class=\"qodef-m-title-text\">10+ GODINE ISKUSTVA<\/span>\n\t\t\t<\/h6>\n\t\t\t<\/div>\n<\/div>\n\t\t\t\t<\/div>\n\t\t\t\t<\/div>\n\t\t\t\t<\/div>\n\t\t<div class=\"elementor-element elementor-element-166cf910 e-con-full e-flex e-con e-child\" data-id=\"166cf910\" data-element_type=\"container\">\n\t\t\t\t<div class=\"elementor-element elementor-element-5702258a elementor-hidden-mobile elementor-widget elementor-widget-manufaktursolutions_core_icon_with_text\" data-id=\"5702258a\" data-element_type=\"widget\" data-widget_type=\"manufaktursolutions_core_icon_with_text.default\">\n\t\t\t\t<div class=\"elementor-widget-container\">\n\t\t\t\t\t<div class=\"qodef-shortcode qodef-m  qodef-icon-with-text qodef-layout--top qodef--icon-pack  qodef-alignment--center\">\n\t<div class=\"qodef-m-icon-wrapper\">\n\t\t<span class=\"qodef-shortcode qodef-m  qodef-icon-holder qodef-size--huge qodef-layout--normal\"  >\t\t\t<span class=\"qodef-icon-elegant-icons icon_tools qodef-icon qodef-e\" style=\"color: #019444\" ><\/span>\t<\/span>\t<\/div>\n\t<div class=\"qodef-m-content\">\n\t\t\t<h6 class=\"qodef-m-title\" style=\"color: #FCFCFC\">\n\t\t\t\t\t<span class=\"qodef-m-title-text\">100+ PROVEDENIH PROJEKATA<\/span>\n\t\t\t<\/h6>\n\t\t\t<\/div>\n<\/div>\n\t\t\t\t<\/div>\n\t\t\t\t<\/div>\n\t\t\t\t<\/div>\n\t\t<div class=\"elementor-element elementor-element-1ced90e9 e-con-full e-flex e-con e-child\" data-id=\"1ced90e9\" data-element_type=\"container\">\n\t\t\t\t<div class=\"elementor-element elementor-element-4b2b3b69 elementor-hidden-mobile elementor-widget elementor-widget-manufaktursolutions_core_icon_with_text\" data-id=\"4b2b3b69\" data-element_type=\"widget\" data-widget_type=\"manufaktursolutions_core_icon_with_text.default\">\n\t\t\t\t<div class=\"elementor-widget-container\">\n\t\t\t\t\t<div class=\"qodef-shortcode qodef-m  qodef-icon-with-text qodef-layout--top qodef--icon-pack  qodef-alignment--center\">\n\t<div class=\"qodef-m-icon-wrapper\">\n\t\t<span class=\"qodef-shortcode qodef-m  qodef-icon-holder qodef-size--huge qodef-layout--normal\"  >\t\t\t<span class=\"qodef-icon-fontkiko kikor kiko-like qodef-icon qodef-e\" style=\"color: #019444\" ><\/span>\t<\/span>\t<\/div>\n\t<div class=\"qodef-m-content\">\n\t\t\t<h6 class=\"qodef-m-title\" style=\"color: #FCFCFC\">\n\t\t\t\t\t<span class=\"qodef-m-title-text\">100% ZADOVOLJNI KUPCI<\/span>\n\t\t\t<\/h6>\n\t\t\t<\/div>\n<\/div>\n\t\t\t\t<\/div>\n\t\t\t\t<\/div>\n\t\t\t\t<\/div>\n\t\t\t\t<\/div>\n\t\t\t\t<\/div>\n\t\t","protected":false},"excerpt":{"rendered":"<p>INOVATIVNO PREDANO USPJE\u0160NO DOBRO DO\u0160LI U SVIJETu DSI SOLUTIONS GODINE ISKUSTVA ZADOVOLJNI KUPCI PROVEDENIH PROJEKATA O NAMA DSI SOLUTIONS Po\u010deci DSI Solutions se\u017eu u 2018. godinu, nakon vi\u0161e od deset godina iskustva u elektroinstalacijama, odlu\u010dili smo krenuti trajnim putem. U svim godinama na\u0161eg rada stekli smo povjerenje, a samim tim i dobru me\u0111usobnu suradnju s [&hellip;]<\/p>\n","protected":false},"author":1,"featured_media":0,"parent":0,"menu_order":0,"comment_status":"closed","ping_status":"closed","template":"page-full-width.php","meta":{"footnotes":""},"class_list":["post-10463","page","type-page","status-publish","hentry"],"_links":{"self":[{"href":"https:\/\/dsisolutions.si\/hr\/wp-json\/wp\/v2\/pages\/10463","targetHints":{"allow":["GET"]}}],"collection":[{"href":"https:\/\/dsisolutions.si\/hr\/wp-json\/wp\/v2\/pages"}],"about":[{"href":"https:\/\/dsisolutions.si\/hr\/wp-json\/wp\/v2\/types\/page"}],"author":[{"embeddable":true,"href":"https:\/\/dsisolutions.si\/hr\/wp-json\/wp\/v2\/users\/1"}],"replies":[{"embeddable":true,"href":"https:\/\/dsisolutions.si\/hr\/wp-json\/wp\/v2\/comments?post=10463"}],"version-history":[{"count":6,"href":"https:\/\/dsisolutions.si\/hr\/wp-json\/wp\/v2\/pages\/10463\/revisions"}],"predecessor-version":[{"id":10526,"href":"https:\/\/dsisolutions.si\/hr\/wp-json\/wp\/v2\/pages\/10463\/revisions\/10526"}],"wp:attachment":[{"href":"https:\/\/dsisolutions.si\/hr\/wp-json\/wp\/v2\/media?parent=10463"}],"curies":[{"name":"wp","href":"https:\/\/api.w.org\/{rel}","templated":true}]}}