{"id":10340,"date":"2022-10-03T12:18:37","date_gmt":"2022-10-03T12:18:37","guid":{"rendered":"https:\/\/dsisolutions.si\/kontakt\/"},"modified":"2024-06-03T16:13:09","modified_gmt":"2024-06-03T16:13:09","slug":"kontakt","status":"publish","type":"page","link":"https:\/\/dsisolutions.si\/de\/kontakt\/","title":{"rendered":"Kontakt"},"content":{"rendered":"\t\t<div data-elementor-type=\"wp-page\" data-elementor-id=\"10340\" class=\"elementor elementor-10340\">\n\t\t\t\t<div class=\"elementor-element elementor-element-cd76679 e-con-full e-flex e-con e-parent\" data-id=\"cd76679\" data-element_type=\"container\">\n\t\t\t\t<div class=\"elementor-element elementor-element-ef20b0f elementor-widget__width-inherit elementor-widget elementor-widget-shortcode\" data-id=\"ef20b0f\" data-element_type=\"widget\" data-widget_type=\"shortcode.default\">\n\t\t\t\t<div class=\"elementor-widget-container\">\n\t\t\t\t\t\t\t<div class=\"elementor-shortcode\"><iframe src=\"https:\/\/www.google.com\/maps\/embed?pb=!1m18!1m12!1m3!1d2753.4686318386166!2d15.115156312601107!3d46.3600894730982!2m3!1f0!2f0!3f0!3m2!1i1024!2i768!4f13.1!3m3!1m2!1s0x476566d40b1df8cb%3A0x5d9ace6d9ee8a385!2sCankarjeva%20cesta%201c%2C%203320%20Velenje!5e0!3m2!1sen!2ssi!4v1707605896282!5m2!1sen!2ssi\" width=\"600\" height=\"450\" style=\"border:0;\" allowfullscreen=\"\" loading=\"lazy\" referrerpolicy=\"no-referrer-when-downgrade\"><\/iframe><\/div>\n\t\t\t\t\t\t<\/div>\n\t\t\t\t<\/div>\n\t\t\t\t<\/div>\n\t\t\t\t<section class=\"elementor-section elementor-top-section elementor-element elementor-element-222d04d6 elementor-section-full_width elementor-section-height-default elementor-section-height-default qodef-elementor-content-no\" data-id=\"222d04d6\" data-element_type=\"section\" data-settings=\"{&quot;background_background&quot;:&quot;classic&quot;}\">\n\t\t\t\t\t\t<div class=\"elementor-container elementor-column-gap-default\">\n\t\t\t\t\t<div class=\"elementor-column elementor-col-50 elementor-top-column elementor-element elementor-element-4f136e25\" data-id=\"4f136e25\" data-element_type=\"column\" data-settings=\"{&quot;background_background&quot;:&quot;classic&quot;}\">\n\t\t\t<div class=\"elementor-widget-wrap elementor-element-populated\">\n\t\t\t\t\t\t<div class=\"elementor-element elementor-element-3b1a67c7 elementor-widget elementor-widget-manufaktursolutions_core_section_title\" data-id=\"3b1a67c7\" data-element_type=\"widget\" data-widget_type=\"manufaktursolutions_core_section_title.default\">\n\t\t\t\t<div class=\"elementor-widget-container\">\n\t\t\t\t\t<div class=\"qodef-shortcode qodef-m  qodef-section-title qodef-alignment--left qodef-title-break--disabled  \">\n\t\t<p class=\"qodef-m-highlight-text\" >Kontaktdaten<\/p>\n\t\t<h3 class=\"qodef-m-title\" >\n\t\t\t\t\tKontaktieren Sie uns\t\t\t<\/h3>\n\t\t<p class=\"qodef-m-subtitle\" >Wir beantworten gerne Ihre Fragen<\/p>\n\t<\/div>\n\t\t\t\t<\/div>\n\t\t\t\t<\/div>\n\t\t\t\t<div class=\"elementor-element elementor-element-4a250b57 elementor-widget elementor-widget-manufaktursolutions_core_custom_font\" data-id=\"4a250b57\" data-element_type=\"widget\" data-widget_type=\"manufaktursolutions_core_custom_font.default\">\n\t\t\t\t<div class=\"elementor-widget-container\">\n\t\t\t\t\t<p class=\"qodef-shortcode qodef-m  qodef-custom-font qodef-custom-font-664 qodef-layout--simple\" style=\"color: #15141C;font-family: lATO;font-size: 14px;font-weight: 700\">UNTERNEHMENSINFORMATIONEN<\/p>\n\t\t\t\t<\/div>\n\t\t\t\t<\/div>\n\t\t\t\t<section class=\"elementor-section elementor-inner-section elementor-element elementor-element-21bfa69c elementor-section-boxed elementor-section-height-default elementor-section-height-default qodef-elementor-content-no\" data-id=\"21bfa69c\" data-element_type=\"section\">\n\t\t\t\t\t\t<div class=\"elementor-container elementor-column-gap-default\">\n\t\t\t\t\t<div class=\"elementor-column elementor-col-100 elementor-inner-column elementor-element elementor-element-53a5ed5a\" data-id=\"53a5ed5a\" data-element_type=\"column\">\n\t\t\t<div class=\"elementor-widget-wrap elementor-element-populated\">\n\t\t\t\t\t\t<div class=\"elementor-element elementor-element-2be99ca2 elementor-widget elementor-widget-manufaktursolutions_core_custom_font\" data-id=\"2be99ca2\" data-element_type=\"widget\" data-widget_type=\"manufaktursolutions_core_custom_font.default\">\n\t\t\t\t<div class=\"elementor-widget-container\">\n\t\t\t\t\t<p class=\"qodef-shortcode qodef-m  qodef-custom-font qodef-custom-font-664 qodef-layout--simple\" style=\"color: #15141C;font-family: lATO;font-size: 14px;font-weight: 700\">Daten:<\/p>\n\t\t\t\t<\/div>\n\t\t\t\t<\/div>\n\t\t\t\t<div class=\"elementor-element elementor-element-4acf61ca elementor-widget elementor-widget-text-editor\" data-id=\"4acf61ca\" data-element_type=\"widget\" data-widget_type=\"text-editor.default\">\n\t\t\t\t<div class=\"elementor-widget-container\">\n\t\t\t\t\t\t\t\t\t<p><span style=\"background-color: #ffffff; font-family: var( --e-global-typography-text-font-family ), Sans-serif;\">Firmenname:<strong> DSI Solutions d.o.o.<\/strong><\/span><\/p>\n<p><span style=\"background-color: #ffffff; font-family: var( --e-global-typography-text-font-family ), Sans-serif;\">Adresse: <strong>Cankarjeva Cesta 1c, 3320 Velenje, Slovenija<\/strong><\/span><\/p>\n<p><span style=\"font-family: var( --e-global-typography-text-font-family ), Sans-serif; background-color: #ffffff;\">Elternteil Nummer: <strong>8598983000<\/strong><\/span><\/p>\n<p><span style=\"font-family: var( --e-global-typography-text-font-family ), Sans-serif; background-color: #ffffff;\">ID f\u00fcr DDV: <strong>SI52997537<\/strong><\/span><\/p>\n<p><span style=\"font-family: var( --e-global-typography-text-font-family ), Sans-serif; background-color: #ffffff;\">TRR: <strong>SI 56 3300 0001 0457 949<\/strong><\/span><\/p>\n<p><span style=\"font-family: var( --e-global-typography-text-font-family ), Sans-serif; background-color: #ffffff;\">BIC\/SWIFT: <strong>HAABSI22<\/strong><\/span><\/p>\n<p>Telefon: <strong>+386 (0) 41 396 856<\/strong><\/p>\n<p>Email: <strong><span style=\"text-align: center; background-color: #ffffff; font-family: var( --e-global-typography-text-font-family ), Sans-serif;\">info@dsisolutions.si<\/span><\/strong><\/p>\n<p>Direktorin: <strong>Sanja Bari\u010d<\/strong><\/p>\n\t\t\t\t\t\t\t\t<\/div>\n\t\t\t\t<\/div>\n\t\t\t\t\t<\/div>\n\t\t<\/div>\n\t\t\t\t\t<\/div>\n\t\t<\/section>\n\t\t\t\t\t<\/div>\n\t\t<\/div>\n\t\t\t\t<div class=\"elementor-column elementor-col-50 elementor-top-column elementor-element elementor-element-629b2663\" data-id=\"629b2663\" data-element_type=\"column\" data-settings=\"{&quot;background_background&quot;:&quot;classic&quot;}\">\n\t\t\t<div class=\"elementor-widget-wrap elementor-element-populated\">\n\t\t\t\t\t\t<div class=\"elementor-element elementor-element-1a3d3774 elementor-widget elementor-widget-wp-widget-manufaktursolutions_core_contact_form_7\" data-id=\"1a3d3774\" data-element_type=\"widget\" data-widget_type=\"wp-widget-manufaktursolutions_core_contact_form_7.default\">\n\t\t\t\t<div class=\"elementor-widget-container\">\n\t\t\t\t\t\t\t\t<div class=\"qodef-contact-form-7\">\n\t\t\t\t\n<div class=\"wpcf7 no-js\" id=\"wpcf7-f10537-o1\" lang=\"en-US\" dir=\"ltr\" data-wpcf7-id=\"10537\">\n<div class=\"screen-reader-response\"><p role=\"status\" aria-live=\"polite\" aria-atomic=\"true\"><\/p> <ul><\/ul><\/div>\n<form action=\"\/de\/wp-json\/wp\/v2\/pages\/10340#wpcf7-f10537-o1\" method=\"post\" class=\"wpcf7-form init\" aria-label=\"Contact form\" novalidate=\"novalidate\" data-status=\"init\">\n<div style=\"display: none;\">\n<input type=\"hidden\" name=\"_wpcf7\" value=\"10537\" \/>\n<input type=\"hidden\" name=\"_wpcf7_version\" value=\"6.0.6\" \/>\n<input type=\"hidden\" name=\"_wpcf7_locale\" value=\"en_US\" \/>\n<input type=\"hidden\" name=\"_wpcf7_unit_tag\" value=\"wpcf7-f10537-o1\" \/>\n<input type=\"hidden\" name=\"_wpcf7_container_post\" value=\"0\" \/>\n<input type=\"hidden\" name=\"_wpcf7_posted_data_hash\" value=\"\" \/>\n<\/div>\n<div class=\"qodef-grid qodef-layout--template qodef-cf-circle qodef-standard-layout \">\n\n \n\n<div class=\"qodef-grid-inner\">\n\n \n\n \n\n \n\n<div class=\"qodef-grid-item qodef-col--12\">\n\n \n\n <span class=\"wpcf7-form-control-wrap\" data-name=\"your-name\"><input size=\"40\" maxlength=\"400\" class=\"wpcf7-form-control wpcf7-text wpcf7-validates-as-required\" aria-required=\"true\" aria-invalid=\"false\" placeholder=\"Vorname und Nachname\" value=\"\" type=\"text\" name=\"your-name\" \/><\/span>\n\n \n\n<\/div>\n\n \n\n<div class=\"qodef-grid-item qodef-col--12\">\n\n \n\n <span class=\"wpcf7-form-control-wrap\" data-name=\"your-email\"><input size=\"40\" maxlength=\"400\" class=\"wpcf7-form-control wpcf7-email wpcf7-validates-as-required wpcf7-text wpcf7-validates-as-email\" aria-required=\"true\" aria-invalid=\"false\" placeholder=\"Email\" value=\"\" type=\"email\" name=\"your-email\" \/><\/span>\n\n \n\n<\/div>\n\n \n\n<div class=\"qodef-grid-item qodef-col--12\">\n\n \n\n <span class=\"wpcf7-form-control-wrap\" data-name=\"your-tel\"><input size=\"40\" maxlength=\"400\" class=\"wpcf7-form-control wpcf7-tel wpcf7-validates-as-required wpcf7-text wpcf7-validates-as-tel\" aria-required=\"true\" aria-invalid=\"false\" placeholder=\"Telefon Nummer\" value=\"\" type=\"tel\" name=\"your-tel\" \/><\/span>\n\n \n\n<\/div>\n\n \n\n \n\n<div class=\"qodef-grid-item qodef-col--12\">\n\n \n\n <span class=\"wpcf7-form-control-wrap\" data-name=\"your-message\"><textarea cols=\"40\" rows=\"10\" maxlength=\"2000\" class=\"wpcf7-form-control wpcf7-textarea\" aria-invalid=\"false\" placeholder=\"Nachricht\" name=\"your-message\"><\/textarea><\/span>\n\n \n\n<\/div>\n\n \n\n<div class=\"qodef-grid-item qodef-col--12\" style=\"text-align: right;\">\n\n \n\n<button class=\"wpcf7-form-control wpcf7-submit qodef-shortcode qodef-m qodef-button qodef-layout--outlined qodef-html--link qodef-button qodef-size--normal qodef-m\" type=\"submit\"><span class=\"qodef-m-text\">Nachricht Senden<\/span><\/button>\n\n \n\n<\/div>\n\n \n\n<\/div>\n\n \n\n<\/div><div class=\"wpcf7-response-output\" aria-hidden=\"true\"><\/div>\n<\/form>\n<\/div>\n\t\t\t<\/div>\n\t\t\t\t\t\t\t<\/div>\n\t\t\t\t<\/div>\n\t\t\t\t\t<\/div>\n\t\t<\/div>\n\t\t\t\t\t<\/div>\n\t\t<\/section>\n\t\t\t\t<section class=\"elementor-section elementor-top-section elementor-element elementor-element-c991c54 elementor-section-full_width elementor-section-height-default elementor-section-height-default qodef-elementor-content-no\" data-id=\"c991c54\" data-element_type=\"section\">\n\t\t\t\t\t\t<div class=\"elementor-container elementor-column-gap-default\">\n\t\t\t\t\t<div class=\"elementor-column elementor-col-100 elementor-top-column elementor-element elementor-element-248f0fd\" data-id=\"248f0fd\" data-element_type=\"column\">\n\t\t\t<div class=\"elementor-widget-wrap elementor-element-populated\">\n\t\t\t\t\t\t<div class=\"elementor-element elementor-element-d7c2527 elementor-widget elementor-widget-manufaktursolutions_core_text_marquee\" data-id=\"d7c2527\" data-element_type=\"widget\" data-widget_type=\"manufaktursolutions_core_text_marquee.default\">\n\t\t\t\t<div class=\"elementor-widget-container\">\n\t\t\t\t\t<div class=\"qodef-shortcode qodef-m  qodef-text-marquee qodef-text-marquee-292 qodef-layout--default qodef-direction--left\" >\n\t<div class=\"qodef-m-content\" style=\"font-size: 40px;line-height: 53px;letter-spacing: -2px\">\n\t\t<div class=\"qodef-m-content-inner\">\n\t\t\t\t\t\t\t<span class=\"qodef-m-text-1\" >\n\t\t\t\t\tVertrauen\t\t\t\t<\/span>\n\t\t\t\t\t\t\t\t\t\t<span class=\"qodef-m-separator\" >\n\t\t\t\t\t.\t\t\t\t<\/span>\n\t\t\t\t\t\t\t\t\t\t<span class=\"qodef-m-text-2\" >\n\t\t\t\t\tProfessionalit\u00e4t\t\t\t\t<\/span>\n\t\t\t\t\t\t\t\t\t\t<span class=\"qodef-m-separator\" >\n\t\t\t\t\t.\t\t\t\t<\/span>\n\t\t\t\t\t\t\t\t\t\t<span class=\"qodef-m-text-3\" >\n\t\t\t\t\tQualit\u00e4t\t\t\t\t<\/span>\n\t\t\t\t\t\t\t\t\t\t<span class=\"qodef-m-separator\" >\n\t\t\t\t\t.\t\t\t\t<\/span>\n\t\t\t\t\t<\/div>\n\t<\/div>\n<\/div>\n\t\t\t\t<\/div>\n\t\t\t\t<\/div>\n\t\t\t\t\t<\/div>\n\t\t<\/div>\n\t\t\t\t\t<\/div>\n\t\t<\/section>\n\t\t<div class=\"elementor-element elementor-element-2ee2cca1 e-con-full e-flex e-con e-parent\" data-id=\"2ee2cca1\" data-element_type=\"container\" data-settings=\"{&quot;background_background&quot;:&quot;classic&quot;}\">\n\t\t<div class=\"elementor-element elementor-element-7f39cc11 e-con-full e-flex e-con e-child\" data-id=\"7f39cc11\" data-element_type=\"container\">\n\t\t\t\t<div class=\"elementor-element elementor-element-5c786cc2 elementor-widget elementor-widget-image\" data-id=\"5c786cc2\" data-element_type=\"widget\" data-widget_type=\"image.default\">\n\t\t\t\t<div class=\"elementor-widget-container\">\n\t\t\t\t\t\t\t\t\t\t\t\t\t\t\t<img fetchpriority=\"high\" decoding=\"async\" width=\"968\" height=\"426\" src=\"https:\/\/dsisolutions.si\/wp-content\/uploads\/2024\/02\/cropped-image-1.png\" class=\"attachment-full size-full wp-image-8329\" alt=\"\" srcset=\"https:\/\/dsisolutions.si\/wp-content\/uploads\/2024\/02\/cropped-image-1.png 968w, https:\/\/dsisolutions.si\/wp-content\/uploads\/2024\/02\/cropped-image-1-300x132.png 300w, https:\/\/dsisolutions.si\/wp-content\/uploads\/2024\/02\/cropped-image-1-768x338.png 768w, https:\/\/dsisolutions.si\/wp-content\/uploads\/2024\/02\/cropped-image-1-600x264.png 600w\" sizes=\"(max-width: 968px) 100vw, 968px\" \/>\t\t\t\t\t\t\t\t\t\t\t\t\t\t\t<\/div>\n\t\t\t\t<\/div>\n\t\t\t\t<\/div>\n\t\t<div class=\"elementor-element elementor-element-6a561725 e-con-full e-flex e-con e-child\" data-id=\"6a561725\" data-element_type=\"container\">\n\t\t\t\t<div class=\"elementor-element elementor-element-62f44950 elementor-widget elementor-widget-text-editor\" data-id=\"62f44950\" data-element_type=\"widget\" data-widget_type=\"text-editor.default\">\n\t\t\t\t<div class=\"elementor-widget-container\">\n\t\t\t\t\t\t\t\t\t<p><strong>DSI Solutions d.o.o.<\/strong><\/p>\n<p>Cankarjeva cesta 1c<\/p>\n<p>3320 Velenje<\/p>\n<p>Slowenien<\/p>\n<p>info@dsisolutions.si<\/p>\n<p>+386 (0) 41 396 856<\/p>\n\t\t\t\t\t\t\t\t<\/div>\n\t\t\t\t<\/div>\n\t\t\t\t<\/div>\n\t\t\t\t<div class=\"elementor-element elementor-element-16067e74 elementor-widget elementor-widget-text-editor\" data-id=\"16067e74\" data-element_type=\"widget\" data-widget_type=\"text-editor.default\">\n\t\t\t\t<div class=\"elementor-widget-container\">\n\t\t\t\t\t\t\t\t\t<\/p>\n<p><a href=\"https:\/\/dsisolutions.si\/de\/\">START <\/a><\/p>\n<p><a href=\"https:\/\/dsisolutions.si\/de\/unternehmen\/\">UNTERNEHMEN<\/a><\/p>\n<p><a href=\"https:\/\/dsisolutions.si\/storitve\/\">DIENSTE<\/a><\/p>\n<p><a href=\"https:\/\/dsisolutions.si\/reference\/\">REFERENZEN<\/a><\/p>\n<p><a href=\"https:\/\/dsisolutions.si\/de\/kontakt\/\">KONTAKT<\/a><\/p>\n\t\t\t\t\t\t\t\t<\/div>\n\t\t\t\t<\/div>\n\t\t<div class=\"elementor-element elementor-element-78c5c403 e-con-full e-flex e-con e-child\" data-id=\"78c5c403\" data-element_type=\"container\">\n\t\t\t\t<div class=\"elementor-element elementor-element-70f99590 elementor-hidden-mobile elementor-widget elementor-widget-manufaktursolutions_core_icon_with_text\" data-id=\"70f99590\" data-element_type=\"widget\" data-widget_type=\"manufaktursolutions_core_icon_with_text.default\">\n\t\t\t\t<div class=\"elementor-widget-container\">\n\t\t\t\t\t<div class=\"qodef-shortcode qodef-m  qodef-icon-with-text qodef-layout--top qodef--icon-pack  qodef-alignment--center\">\n\t<div class=\"qodef-m-icon-wrapper\">\n\t\t<span class=\"qodef-shortcode qodef-m  qodef-icon-holder qodef-size--huge qodef-layout--normal\"  >\t\t\t<span class=\"qodef-icon-fontkiko kikor kiko-lightning qodef-icon qodef-e\" style=\"color: #019444\" ><\/span>\t<\/span>\t<\/div>\n\t<div class=\"qodef-m-content\">\n\t\t\t<h6 class=\"qodef-m-title\" style=\"color: #FCFCFC\">\n\t\t\t\t\t<span class=\"qodef-m-title-text\">10+ Jahrelange Erfahrung<\/span>\n\t\t\t<\/h6>\n\t\t\t<\/div>\n<\/div>\n\t\t\t\t<\/div>\n\t\t\t\t<\/div>\n\t\t\t\t<\/div>\n\t\t<div class=\"elementor-element elementor-element-354c8c9f e-con-full e-flex e-con e-child\" data-id=\"354c8c9f\" data-element_type=\"container\">\n\t\t\t\t<div class=\"elementor-element elementor-element-7a9e6252 elementor-hidden-mobile elementor-widget elementor-widget-manufaktursolutions_core_icon_with_text\" data-id=\"7a9e6252\" data-element_type=\"widget\" data-widget_type=\"manufaktursolutions_core_icon_with_text.default\">\n\t\t\t\t<div class=\"elementor-widget-container\">\n\t\t\t\t\t<div class=\"qodef-shortcode qodef-m  qodef-icon-with-text qodef-layout--top qodef--icon-pack  qodef-alignment--center\">\n\t<div class=\"qodef-m-icon-wrapper\">\n\t\t<span class=\"qodef-shortcode qodef-m  qodef-icon-holder qodef-size--huge qodef-layout--normal\"  >\t\t\t<span class=\"qodef-icon-elegant-icons icon_tools qodef-icon qodef-e\" style=\"color: #019444\" ><\/span>\t<\/span>\t<\/div>\n\t<div class=\"qodef-m-content\">\n\t\t\t<h6 class=\"qodef-m-title\" style=\"color: #FCFCFC\">\n\t\t\t\t\t<span class=\"qodef-m-title-text\">100+ Durchgef\u00fchrte Projekte<\/span>\n\t\t\t<\/h6>\n\t\t\t<\/div>\n<\/div>\n\t\t\t\t<\/div>\n\t\t\t\t<\/div>\n\t\t\t\t<\/div>\n\t\t<div class=\"elementor-element elementor-element-35c324aa e-con-full e-flex e-con e-child\" data-id=\"35c324aa\" data-element_type=\"container\">\n\t\t\t\t<div class=\"elementor-element elementor-element-7a926d7d elementor-hidden-mobile elementor-widget elementor-widget-manufaktursolutions_core_icon_with_text\" data-id=\"7a926d7d\" data-element_type=\"widget\" data-widget_type=\"manufaktursolutions_core_icon_with_text.default\">\n\t\t\t\t<div class=\"elementor-widget-container\">\n\t\t\t\t\t<div class=\"qodef-shortcode qodef-m  qodef-icon-with-text qodef-layout--top qodef--icon-pack  qodef-alignment--center\">\n\t<div class=\"qodef-m-icon-wrapper\">\n\t\t<span class=\"qodef-shortcode qodef-m  qodef-icon-holder qodef-size--huge qodef-layout--normal\"  >\t\t\t<span class=\"qodef-icon-fontkiko kikor kiko-like qodef-icon qodef-e\" style=\"color: #019444\" ><\/span>\t<\/span>\t<\/div>\n\t<div class=\"qodef-m-content\">\n\t\t\t<h6 class=\"qodef-m-title\" style=\"color: #FCFCFC\">\n\t\t\t\t\t<span class=\"qodef-m-title-text\">100% Zufriedene Kunden<\/span>\n\t\t\t<\/h6>\n\t\t\t<\/div>\n<\/div>\n\t\t\t\t<\/div>\n\t\t\t\t<\/div>\n\t\t\t\t<\/div>\n\t\t\t\t<\/div>\n\t\t\t\t<\/div>\n\t\t","protected":false},"excerpt":{"rendered":"<p>Kontaktdaten Kontaktieren Sie uns Wir beantworten gerne Ihre Fragen UNTERNEHMENSINFORMATIONEN Daten: Firmenname: DSI Solutions d.o.o. Adresse: Cankarjeva Cesta 1c, 3320 Velenje, Slovenija Elternteil Nummer: 8598983000 ID f\u00fcr DDV: SI52997537 TRR: SI 56 3300 0001 0457 949 BIC\/SWIFT: HAABSI22 Telefon: +386 (0) 41 396 856 Email: info@dsisolutions.si Direktorin: Sanja Bari\u010d Vertrauen . Professionalit\u00e4t . Qualit\u00e4t . [&hellip;]<\/p>\n","protected":false},"author":1,"featured_media":0,"parent":0,"menu_order":0,"comment_status":"closed","ping_status":"closed","template":"page-full-width.php","meta":{"footnotes":""},"class_list":["post-10340","page","type-page","status-publish","hentry"],"_links":{"self":[{"href":"https:\/\/dsisolutions.si\/de\/wp-json\/wp\/v2\/pages\/10340","targetHints":{"allow":["GET"]}}],"collection":[{"href":"https:\/\/dsisolutions.si\/de\/wp-json\/wp\/v2\/pages"}],"about":[{"href":"https:\/\/dsisolutions.si\/de\/wp-json\/wp\/v2\/types\/page"}],"author":[{"embeddable":true,"href":"https:\/\/dsisolutions.si\/de\/wp-json\/wp\/v2\/users\/1"}],"replies":[{"embeddable":true,"href":"https:\/\/dsisolutions.si\/de\/wp-json\/wp\/v2\/comments?post=10340"}],"version-history":[{"count":9,"href":"https:\/\/dsisolutions.si\/de\/wp-json\/wp\/v2\/pages\/10340\/revisions"}],"predecessor-version":[{"id":10558,"href":"https:\/\/dsisolutions.si\/de\/wp-json\/wp\/v2\/pages\/10340\/revisions\/10558"}],"wp:attachment":[{"href":"https:\/\/dsisolutions.si\/de\/wp-json\/wp\/v2\/media?parent=10340"}],"curies":[{"name":"wp","href":"https:\/\/api.w.org\/{rel}","templated":true}]}}